{"id":517,"date":"2025-09-30T14:48:21","date_gmt":"2025-09-30T18:48:21","guid":{"rendered":"https:\/\/wrc2027vancouver.com\/credit-2\/"},"modified":"2025-10-01T15:36:20","modified_gmt":"2025-10-01T19:36:20","slug":"credit-2","status":"publish","type":"page","link":"https:\/\/wrc2027vancouver.com\/es\/credit-2\/","title":{"rendered":"Cr\u00e9dito"},"content":{"rendered":"\t\t<div data-elementor-type=\"wp-page\" data-elementor-id=\"517\" class=\"elementor elementor-517 elementor-458\" data-elementor-post-type=\"page\">\n\t\t\t\t<div class=\"elementor-element elementor-element-c5beb8b e-flex e-con-boxed e-con e-parent\" data-id=\"c5beb8b\" data-element_type=\"container\">\n\t\t\t\t\t<div class=\"e-con-inner\">\n\t\t\t\t<div class=\"elementor-element elementor-element-fd27353 elementor-widget elementor-widget-heading\" data-id=\"fd27353\" data-element_type=\"widget\" data-widget_type=\"heading.default\">\n\t\t\t\t\t<h1 class=\"elementor-heading-title elementor-size-default\">Cr\u00e9dito de v\u00eddeo y foto<\/h1>\t\t\t\t<\/div>\n\t\t\t\t\t<\/div>\n\t\t\t\t<\/div>\n\t\t<div class=\"elementor-element elementor-element-0a01da8 e-flex e-con-boxed e-con e-parent\" data-id=\"0a01da8\" data-element_type=\"container\">\n\t\t\t\t\t<div class=\"e-con-inner\">\n\t\t\t\t<div class=\"elementor-element elementor-element-377911a elementor-widget elementor-widget-heading\" data-id=\"377911a\" data-element_type=\"widget\" data-widget_type=\"heading.default\">\n\t\t\t\t\t<h2 class=\"elementor-heading-title elementor-size-default\"><span>V\u00eddeo de la p\u00e1gina de inicio<\/span><\/h2>\t\t\t\t<\/div>\n\t\t\t\t\t<\/div>\n\t\t\t\t<\/div>\n\t\t<div class=\"elementor-element elementor-element-dadb769 e-flex e-con-boxed e-con e-parent\" data-id=\"dadb769\" data-element_type=\"container\">\n\t\t\t\t\t<div class=\"e-con-inner\">\n\t\t<div class=\"elementor-element elementor-element-fefa522 e-con-full e-flex e-con e-child\" data-id=\"fefa522\" data-element_type=\"container\">\n\t\t\t\t<div class=\"elementor-element elementor-element-749c39d elementor-widget elementor-widget-image\" data-id=\"749c39d\" data-element_type=\"widget\" data-widget_type=\"image.default\">\n\t\t\t\t\t\t\t\t\t\t\t\t\t\t\t<img decoding=\"async\" width=\"238\" height=\"93\" src=\"https:\/\/wrc2027vancouver.com\/wp-content\/uploads\/2025\/09\/Selection-8.png\" class=\"attachment-large size-large wp-image-179\" alt=\"\" title=\"\">\t\t\t\t\t\t\t\t\t\t\t\t\t\t\t<\/div>\n\t\t\t\t<\/div>\n\t\t<div class=\"elementor-element elementor-element-9a83af7 e-con-full e-flex e-con e-child\" data-id=\"9a83af7\" data-element_type=\"container\">\n\t\t\t\t<div class=\"elementor-element elementor-element-bf16c0c elementor-widget elementor-widget-text-editor\" data-id=\"bf16c0c\" data-element_type=\"widget\" data-widget_type=\"text-editor.default\">\n\t\t\t\t\t\t\t\t\t<p><span data-visily-text-styles=\"{\" visilytextstyles=\"\" sans=\"\" hanunoo=\"\"><strong>Cr\u00e9dito:<\/strong> Jon Ross films<br><strong>Ubicaci\u00f3n:<\/strong> Vancouver<br><strong>Descripci\u00f3n:<\/strong> V\u00eddeo a\u00e9reo del barco Prince Of Whales Orca Tour. Est\u00e1 viajando bajo el puente de Granville. <\/span><\/p>\t\t\t\t\t\t\t\t<\/div>\n\t\t\t\t<\/div>\n\t\t\t\t\t<\/div>\n\t\t\t\t<\/div>\n\t\t<div class=\"elementor-element elementor-element-6fc35a9 e-flex e-con-boxed e-con e-parent\" data-id=\"6fc35a9\" data-element_type=\"container\">\n\t\t\t\t\t<div class=\"e-con-inner\">\n\t\t\t\t<div class=\"elementor-element elementor-element-30c4736 elementor-widget elementor-widget-heading\" data-id=\"30c4736\" data-element_type=\"widget\" data-widget_type=\"heading.default\">\n\t\t\t\t\t<h2 class=\"elementor-heading-title elementor-size-default\">Foto del dique<\/h2>\t\t\t\t<\/div>\n\t\t\t\t\t<\/div>\n\t\t\t\t<\/div>\n\t\t<div class=\"elementor-element elementor-element-4eef135 e-flex e-con-boxed e-con e-parent\" data-id=\"4eef135\" data-element_type=\"container\">\n\t\t\t\t\t<div class=\"e-con-inner\">\n\t\t<div class=\"elementor-element elementor-element-d532602 e-con-full e-flex e-con e-child\" data-id=\"d532602\" data-element_type=\"container\">\n\t\t\t\t<div class=\"elementor-element elementor-element-fa362cc elementor-widget elementor-widget-image\" data-id=\"fa362cc\" data-element_type=\"widget\" data-widget_type=\"image.default\">\n\t\t\t\t\t\t\t\t\t\t\t\t\t\t\t<img fetchpriority=\"high\" decoding=\"async\" width=\"705\" height=\"416\" src=\"https:\/\/wrc2027vancouver.com\/wp-content\/uploads\/2025\/09\/Selection-7.png\" class=\"attachment-large size-large wp-image-175\" alt=\"\" srcset=\"https:\/\/wrc2027vancouver.com\/wp-content\/uploads\/2025\/09\/Selection-7.png 705w, https:\/\/wrc2027vancouver.com\/wp-content\/uploads\/2025\/09\/Selection-7-300x177.png 300w\" sizes=\"(max-width: 705px) 100vw, 705px\" title=\"\">\t\t\t\t\t\t\t\t\t\t\t\t\t\t\t<\/div>\n\t\t\t\t<\/div>\n\t\t<div class=\"elementor-element elementor-element-41ac50d e-con-full e-flex e-con e-child\" data-id=\"41ac50d\" data-element_type=\"container\">\n\t\t\t\t<div class=\"elementor-element elementor-element-ddb382c elementor-widget elementor-widget-text-editor\" data-id=\"ddb382c\" data-element_type=\"widget\" data-widget_type=\"text-editor.default\">\n\t\t\t\t\t\t\t\t\t<p><span data-visily-text-styles=\"{\" visilytextstyles=\"\" sans=\"\" hanunoo=\"\"><strong>Cr\u00e9dito:<\/strong> Destination BC\/Kezia Nathe<br><strong>Ubicaci\u00f3n:<\/strong> Vancouver<br><strong>Descripci\u00f3n:<\/strong> Ciclista en el dique de Stanley Park<\/span><\/p>\t\t\t\t\t\t\t\t<\/div>\n\t\t\t\t<\/div>\n\t\t\t\t\t<\/div>\n\t\t\t\t<\/div>\n\t\t<div class=\"elementor-element elementor-element-f445644 e-flex e-con-boxed e-con e-parent\" data-id=\"f445644\" data-element_type=\"container\">\n\t\t\t\t\t<div class=\"e-con-inner\">\n\t\t\t\t<div class=\"elementor-element elementor-element-c51176b elementor-widget elementor-widget-heading\" data-id=\"c51176b\" data-element_type=\"widget\" data-widget_type=\"heading.default\">\n\t\t\t\t\t<h2 class=\"elementor-heading-title elementor-size-default\"><span>Foto del viaducto de Georgia<\/span><\/h2>\t\t\t\t<\/div>\n\t\t\t\t\t<\/div>\n\t\t\t\t<\/div>\n\t\t<div class=\"elementor-element elementor-element-7b5bf33 e-flex e-con-boxed e-con e-parent\" data-id=\"7b5bf33\" data-element_type=\"container\">\n\t\t\t\t\t<div class=\"e-con-inner\">\n\t\t<div class=\"elementor-element elementor-element-076b20f e-con-full e-flex e-con e-child\" data-id=\"076b20f\" data-element_type=\"container\">\n\t\t\t\t<div class=\"elementor-element elementor-element-c4ac0b7 elementor-widget elementor-widget-image\" data-id=\"c4ac0b7\" data-element_type=\"widget\" data-widget_type=\"image.default\">\n\t\t\t\t\t\t\t\t\t\t\t\t\t\t\t<img decoding=\"async\" width=\"800\" height=\"533\" src=\"https:\/\/wrc2027vancouver.com\/wp-content\/uploads\/2025\/09\/Selection23.png\" class=\"attachment-large size-large wp-image-231\" alt=\"\" srcset=\"https:\/\/wrc2027vancouver.com\/wp-content\/uploads\/2025\/09\/Selection23.png 996w, https:\/\/wrc2027vancouver.com\/wp-content\/uploads\/2025\/09\/Selection23-300x200.png 300w, https:\/\/wrc2027vancouver.com\/wp-content\/uploads\/2025\/09\/Selection23-768x512.png 768w\" sizes=\"(max-width: 800px) 100vw, 800px\" title=\"\">\t\t\t\t\t\t\t\t\t\t\t\t\t\t\t<\/div>\n\t\t\t\t<\/div>\n\t\t<div class=\"elementor-element elementor-element-2698ffc e-con-full e-flex e-con e-child\" data-id=\"2698ffc\" data-element_type=\"container\">\n\t\t\t\t<div class=\"elementor-element elementor-element-5b79637 elementor-widget elementor-widget-text-editor\" data-id=\"5b79637\" data-element_type=\"widget\" data-widget_type=\"text-editor.default\">\n\t\t\t\t\t\t\t\t\t<p><span data-visily-text-styles=\"{\" visilytextstyles=\"\" sans=\"\" hanunoo=\"\"><strong>Cr\u00e9dito:<\/strong> Destination Vancouver\/Nelson Mouellic<br><strong>Ubicaci\u00f3n:<\/strong> Vancouver<br><strong>Descripci\u00f3n:<\/strong> Un grupo de ciclistas cruzando el viaducto de Georgia (paso elevado) desde Rogers Arena y el \u00e1rea del BC Place Stadium hasta Chinatown, Main Street y Strathcona<\/span><\/p>\t\t\t\t\t\t\t\t<\/div>\n\t\t\t\t<\/div>\n\t\t\t\t\t<\/div>\n\t\t\t\t<\/div>\n\t\t<div class=\"elementor-element elementor-element-1ddd3a2 e-flex e-con-boxed e-con e-parent\" data-id=\"1ddd3a2\" data-element_type=\"container\">\n\t\t\t\t\t<div class=\"e-con-inner\">\n\t\t\t\t<div class=\"elementor-element elementor-element-6d3ee7a elementor-widget elementor-widget-heading\" data-id=\"6d3ee7a\" data-element_type=\"widget\" data-widget_type=\"heading.default\">\n\t\t\t\t\t<h2 class=\"elementor-heading-title elementor-size-default\">Foto de los guantes rojos<\/h2>\t\t\t\t<\/div>\n\t\t\t\t\t<\/div>\n\t\t\t\t<\/div>\n\t\t<div class=\"elementor-element elementor-element-9c01fc1 e-flex e-con-boxed e-con e-parent\" data-id=\"9c01fc1\" data-element_type=\"container\">\n\t\t\t\t\t<div class=\"e-con-inner\">\n\t\t<div class=\"elementor-element elementor-element-46b9bcf e-con-full e-flex e-con e-child\" data-id=\"46b9bcf\" data-element_type=\"container\">\n\t\t\t\t<div class=\"elementor-element elementor-element-8ec14aa elementor-widget elementor-widget-image\" data-id=\"8ec14aa\" data-element_type=\"widget\" data-widget_type=\"image.default\">\n\t\t\t\t\t\t\t\t\t\t\t\t\t\t\t<img loading=\"lazy\" decoding=\"async\" width=\"800\" height=\"533\" src=\"https:\/\/wrc2027vancouver.com\/wp-content\/uploads\/2025\/09\/Selection24.png\" class=\"attachment-large size-large wp-image-232\" alt=\"\" srcset=\"https:\/\/wrc2027vancouver.com\/wp-content\/uploads\/2025\/09\/Selection24.png 996w, https:\/\/wrc2027vancouver.com\/wp-content\/uploads\/2025\/09\/Selection24-300x200.png 300w, https:\/\/wrc2027vancouver.com\/wp-content\/uploads\/2025\/09\/Selection24-768x512.png 768w\" sizes=\"(max-width: 800px) 100vw, 800px\" title=\"\">\t\t\t\t\t\t\t\t\t\t\t\t\t\t\t<\/div>\n\t\t\t\t<\/div>\n\t\t<div class=\"elementor-element elementor-element-969d48b e-con-full e-flex e-con e-child\" data-id=\"969d48b\" data-element_type=\"container\">\n\t\t\t\t<div class=\"elementor-element elementor-element-b3785d5 elementor-widget elementor-widget-text-editor\" data-id=\"b3785d5\" data-element_type=\"widget\" data-widget_type=\"text-editor.default\">\n\t\t\t\t\t\t\t\t\t<p><span data-visily-text-styles=\"{\" visilytextstyles=\"\" sans=\"\" hanunoo=\"\"><strong>Cr\u00e9dito:<\/strong> Destination BC\/Albert Normandin<br><strong>Ubicaci\u00f3n:<\/strong> Vancouver<br><strong>Descripci\u00f3n:<\/strong> Primer plano de un fan canadiense con guantes rojos en el centro durante los Juegos Ol\u00edmpicos de Invierno de Vancouver 2010.<\/span><\/p>\t\t\t\t\t\t\t\t<\/div>\n\t\t\t\t<\/div>\n\t\t\t\t\t<\/div>\n\t\t\t\t<\/div>\n\t\t<div class=\"elementor-element elementor-element-2754b79 e-flex e-con-boxed e-con e-parent\" data-id=\"2754b79\" data-element_type=\"container\">\n\t\t\t\t\t<div class=\"e-con-inner\">\n\t\t\t\t<div class=\"elementor-element elementor-element-f6736f1 elementor-widget elementor-widget-heading\" data-id=\"f6736f1\" data-element_type=\"widget\" data-widget_type=\"heading.default\">\n\t\t\t\t\t<h2 class=\"elementor-heading-title elementor-size-default\">Foto de escalada en roca<\/h2>\t\t\t\t<\/div>\n\t\t\t\t\t<\/div>\n\t\t\t\t<\/div>\n\t\t<div class=\"elementor-element elementor-element-7a0d969 e-flex e-con-boxed e-con e-parent\" data-id=\"7a0d969\" data-element_type=\"container\">\n\t\t\t\t\t<div class=\"e-con-inner\">\n\t\t<div class=\"elementor-element elementor-element-8fbf3e7 e-con-full e-flex e-con e-child\" data-id=\"8fbf3e7\" data-element_type=\"container\">\n\t\t\t\t<div class=\"elementor-element elementor-element-1e8075d elementor-widget elementor-widget-image\" data-id=\"1e8075d\" data-element_type=\"widget\" data-widget_type=\"image.default\">\n\t\t\t\t\t\t\t\t\t\t\t\t\t\t\t<img loading=\"lazy\" decoding=\"async\" width=\"800\" height=\"533\" src=\"https:\/\/wrc2027vancouver.com\/wp-content\/uploads\/2025\/09\/Selection25.png\" class=\"attachment-large size-large wp-image-233\" alt=\"\" srcset=\"https:\/\/wrc2027vancouver.com\/wp-content\/uploads\/2025\/09\/Selection25.png 996w, https:\/\/wrc2027vancouver.com\/wp-content\/uploads\/2025\/09\/Selection25-300x200.png 300w, https:\/\/wrc2027vancouver.com\/wp-content\/uploads\/2025\/09\/Selection25-768x512.png 768w\" sizes=\"(max-width: 800px) 100vw, 800px\" title=\"\">\t\t\t\t\t\t\t\t\t\t\t\t\t\t\t<\/div>\n\t\t\t\t<\/div>\n\t\t<div class=\"elementor-element elementor-element-036b6d2 e-con-full e-flex e-con e-child\" data-id=\"036b6d2\" data-element_type=\"container\">\n\t\t\t\t<div class=\"elementor-element elementor-element-d7edf39 elementor-widget elementor-widget-text-editor\" data-id=\"d7edf39\" data-element_type=\"widget\" data-widget_type=\"text-editor.default\">\n\t\t\t\t\t\t\t\t\t<p><span data-visily-text-styles=\"{\" visilytextstyles=\"\" sans=\"\" hanunoo=\"\"><strong>Cr\u00e9dito:<\/strong> Destination BC\/Reuben Krabbe<br><strong>Localizaci\u00f3n:<\/strong> Isla de Salt Spring<br><strong>Descripci\u00f3n:<\/strong> Una persona escalando en la isla de Salt Spring  <\/span><\/p>\t\t\t\t\t\t\t\t<\/div>\n\t\t\t\t<\/div>\n\t\t\t\t\t<\/div>\n\t\t\t\t<\/div>\n\t\t\t\t<\/div>\n\t\t","protected":false},"excerpt":{"rendered":"<p>Cr\u00e9dito de v\u00eddeo y foto V\u00eddeo de la p\u00e1gina de inicio Cr\u00e9dito: Jon Ross filmsUbicaci\u00f3n: VancouverDescripci\u00f3n: V\u00eddeo a\u00e9reo del barco Prince Of Whales Orca Tour. Est\u00e1 viajando bajo el puente de Granville. Foto del dique Cr\u00e9dito: Destination BC\/Kezia NatheUbicaci\u00f3n: VancouverDescripci\u00f3n: Ciclista en el dique de Stanley Park Foto del viaducto de Georgia Cr\u00e9dito: Destination Vancouver\/Nelson [&hellip;]<\/p>\n","protected":false},"author":1,"featured_media":0,"parent":0,"menu_order":0,"comment_status":"closed","ping_status":"closed","template":"","meta":{"footnotes":""},"class_list":["post-517","page","type-page","status-publish","hentry"],"_links":{"self":[{"href":"https:\/\/wrc2027vancouver.com\/es\/wp-json\/wp\/v2\/pages\/517","targetHints":{"allow":["GET"]}}],"collection":[{"href":"https:\/\/wrc2027vancouver.com\/es\/wp-json\/wp\/v2\/pages"}],"about":[{"href":"https:\/\/wrc2027vancouver.com\/es\/wp-json\/wp\/v2\/types\/page"}],"author":[{"embeddable":true,"href":"https:\/\/wrc2027vancouver.com\/es\/wp-json\/wp\/v2\/users\/1"}],"replies":[{"embeddable":true,"href":"https:\/\/wrc2027vancouver.com\/es\/wp-json\/wp\/v2\/comments?post=517"}],"version-history":[{"count":2,"href":"https:\/\/wrc2027vancouver.com\/es\/wp-json\/wp\/v2\/pages\/517\/revisions"}],"predecessor-version":[{"id":529,"href":"https:\/\/wrc2027vancouver.com\/es\/wp-json\/wp\/v2\/pages\/517\/revisions\/529"}],"wp:attachment":[{"href":"https:\/\/wrc2027vancouver.com\/es\/wp-json\/wp\/v2\/media?parent=517"}],"curies":[{"name":"wp","href":"https:\/\/api.w.org\/{rel}","templated":true}]}}