{"id":516,"date":"2025-09-30T14:48:21","date_gmt":"2025-09-30T18:48:21","guid":{"rendered":"https:\/\/wrc2027vancouver.com\/credit-2\/"},"modified":"2025-09-30T19:53:05","modified_gmt":"2025-09-30T23:53:05","slug":"credit","status":"publish","type":"page","link":"https:\/\/wrc2027vancouver.com\/fr\/credit\/","title":{"rendered":"Credit"},"content":{"rendered":"\t\t<div data-elementor-type=\"wp-page\" data-elementor-id=\"516\" class=\"elementor elementor-516 elementor-458\" data-elementor-post-type=\"page\">\n\t\t\t\t<div class=\"elementor-element elementor-element-c5beb8b e-flex e-con-boxed e-con e-parent\" data-id=\"c5beb8b\" data-element_type=\"container\">\n\t\t\t\t\t<div class=\"e-con-inner\">\n\t\t\t\t<div class=\"elementor-element elementor-element-fd27353 elementor-widget elementor-widget-heading\" data-id=\"fd27353\" data-element_type=\"widget\" data-widget_type=\"heading.default\">\n\t\t\t\t\t<h1 class=\"elementor-heading-title elementor-size-default\">Vid\u00e9o et Cr\u00e9dit Photo<\/h1>\t\t\t\t<\/div>\n\t\t\t\t\t<\/div>\n\t\t\t\t<\/div>\n\t\t<div class=\"elementor-element elementor-element-0a01da8 e-flex e-con-boxed e-con e-parent\" data-id=\"0a01da8\" data-element_type=\"container\">\n\t\t\t\t\t<div class=\"e-con-inner\">\n\t\t\t\t<div class=\"elementor-element elementor-element-377911a elementor-widget elementor-widget-heading\" data-id=\"377911a\" data-element_type=\"widget\" data-widget_type=\"heading.default\">\n\t\t\t\t\t<h2 class=\"elementor-heading-title elementor-size-default\">Vid\u00e9o de la page d\u2019accueil<\/h2>\t\t\t\t<\/div>\n\t\t\t\t\t<\/div>\n\t\t\t\t<\/div>\n\t\t<div class=\"elementor-element elementor-element-dadb769 e-flex e-con-boxed e-con e-parent\" data-id=\"dadb769\" data-element_type=\"container\">\n\t\t\t\t\t<div class=\"e-con-inner\">\n\t\t<div class=\"elementor-element elementor-element-fefa522 e-con-full e-flex e-con e-child\" data-id=\"fefa522\" data-element_type=\"container\">\n\t\t\t\t<div class=\"elementor-element elementor-element-749c39d elementor-widget elementor-widget-image\" data-id=\"749c39d\" data-element_type=\"widget\" data-widget_type=\"image.default\">\n\t\t\t\t\t\t\t\t\t\t\t\t\t\t\t<img decoding=\"async\" width=\"238\" height=\"93\" src=\"https:\/\/wrc2027vancouver.com\/wp-content\/uploads\/2025\/09\/Selection-8.png\" class=\"attachment-large size-large wp-image-177\" alt=\"\" title=\"\">\t\t\t\t\t\t\t\t\t\t\t\t\t\t\t<\/div>\n\t\t\t\t<\/div>\n\t\t<div class=\"elementor-element elementor-element-9a83af7 e-con-full e-flex e-con e-child\" data-id=\"9a83af7\" data-element_type=\"container\">\n\t\t\t\t<div class=\"elementor-element elementor-element-bf16c0c elementor-widget elementor-widget-text-editor\" data-id=\"bf16c0c\" data-element_type=\"widget\" data-widget_type=\"text-editor.default\">\n\t\t\t\t\t\t\t\t\t<p><strong><em data-start=\"124\" data-end=\"134\">Cr\u00e9dit:<\/em> <\/strong>Jon Ross Films<br data-start=\"149\" data-end=\"152\" \/><strong><em data-start=\"152\" data-end=\"160\">Lieu:<\/em><\/strong> Vancouver<br data-start=\"170\" data-end=\"173\" \/><strong><em data-start=\"173\" data-end=\"188\">Description:<\/em><\/strong> Vid\u00e9o a\u00e9rienne du bateau Prince Of Whales Orca Tour. Il passe sous le pont Granville.<\/p>\t\t\t\t\t\t\t\t<\/div>\n\t\t\t\t<\/div>\n\t\t\t\t\t<\/div>\n\t\t\t\t<\/div>\n\t\t<div class=\"elementor-element elementor-element-6fc35a9 e-flex e-con-boxed e-con e-parent\" data-id=\"6fc35a9\" data-element_type=\"container\">\n\t\t\t\t\t<div class=\"e-con-inner\">\n\t\t\t\t<div class=\"elementor-element elementor-element-30c4736 elementor-widget elementor-widget-heading\" data-id=\"30c4736\" data-element_type=\"widget\" data-widget_type=\"heading.default\">\n\t\t\t\t\t<h2 class=\"elementor-heading-title elementor-size-default\">Photo de la digue (Seawall)<\/h2>\t\t\t\t<\/div>\n\t\t\t\t\t<\/div>\n\t\t\t\t<\/div>\n\t\t<div class=\"elementor-element elementor-element-4eef135 e-flex e-con-boxed e-con e-parent\" data-id=\"4eef135\" data-element_type=\"container\">\n\t\t\t\t\t<div class=\"e-con-inner\">\n\t\t<div class=\"elementor-element elementor-element-d532602 e-con-full e-flex e-con e-child\" data-id=\"d532602\" data-element_type=\"container\">\n\t\t\t\t<div class=\"elementor-element elementor-element-fa362cc elementor-widget elementor-widget-image\" data-id=\"fa362cc\" data-element_type=\"widget\" data-widget_type=\"image.default\">\n\t\t\t\t\t\t\t\t\t\t\t\t\t\t\t<img fetchpriority=\"high\" decoding=\"async\" width=\"705\" height=\"416\" src=\"https:\/\/wrc2027vancouver.com\/wp-content\/uploads\/2025\/09\/Selection-7.png\" class=\"attachment-large size-large wp-image-174\" alt=\"\" srcset=\"https:\/\/wrc2027vancouver.com\/wp-content\/uploads\/2025\/09\/Selection-7.png 705w, https:\/\/wrc2027vancouver.com\/wp-content\/uploads\/2025\/09\/Selection-7-300x177.png 300w\" sizes=\"(max-width: 705px) 100vw, 705px\" title=\"\">\t\t\t\t\t\t\t\t\t\t\t\t\t\t\t<\/div>\n\t\t\t\t<\/div>\n\t\t<div class=\"elementor-element elementor-element-41ac50d e-con-full e-flex e-con e-child\" data-id=\"41ac50d\" data-element_type=\"container\">\n\t\t\t\t<div class=\"elementor-element elementor-element-ddb382c elementor-widget elementor-widget-text-editor\" data-id=\"ddb382c\" data-element_type=\"widget\" data-widget_type=\"text-editor.default\">\n\t\t\t\t\t\t\t\t\t<p><strong><em data-start=\"317\" data-end=\"327\">Cr\u00e9dit:<\/em><\/strong> Destination BC\/Kezia Nathe<br data-start=\"354\" data-end=\"357\" \/><strong><em data-start=\"357\" data-end=\"365\">Lieu:<\/em><\/strong>\u00a0Vancouver<br data-start=\"375\" data-end=\"378\" \/><strong><em data-start=\"378\" data-end=\"393\">Description:<\/em><\/strong> Cycliste sur la digue du parc Stanley.<\/p>\t\t\t\t\t\t\t\t<\/div>\n\t\t\t\t<\/div>\n\t\t\t\t\t<\/div>\n\t\t\t\t<\/div>\n\t\t<div class=\"elementor-element elementor-element-f445644 e-flex e-con-boxed e-con e-parent\" data-id=\"f445644\" data-element_type=\"container\">\n\t\t\t\t\t<div class=\"e-con-inner\">\n\t\t\t\t<div class=\"elementor-element elementor-element-c51176b elementor-widget elementor-widget-heading\" data-id=\"c51176b\" data-element_type=\"widget\" data-widget_type=\"heading.default\">\n\t\t\t\t\t<h2 class=\"elementor-heading-title elementor-size-default\">Photo du viaduc Georgia<\/h2>\t\t\t\t<\/div>\n\t\t\t\t\t<\/div>\n\t\t\t\t<\/div>\n\t\t<div class=\"elementor-element elementor-element-7b5bf33 e-flex e-con-boxed e-con e-parent\" data-id=\"7b5bf33\" data-element_type=\"container\">\n\t\t\t\t\t<div class=\"e-con-inner\">\n\t\t<div class=\"elementor-element elementor-element-076b20f e-con-full e-flex e-con e-child\" data-id=\"076b20f\" data-element_type=\"container\">\n\t\t\t\t<div class=\"elementor-element elementor-element-c4ac0b7 elementor-widget elementor-widget-image\" data-id=\"c4ac0b7\" data-element_type=\"widget\" data-widget_type=\"image.default\">\n\t\t\t\t\t\t\t\t\t\t\t\t\t\t\t<img decoding=\"async\" width=\"800\" height=\"533\" src=\"https:\/\/wrc2027vancouver.com\/wp-content\/uploads\/2025\/09\/Selection23.png\" class=\"attachment-large size-large wp-image-259\" alt=\"\" srcset=\"https:\/\/wrc2027vancouver.com\/wp-content\/uploads\/2025\/09\/Selection23.png 996w, https:\/\/wrc2027vancouver.com\/wp-content\/uploads\/2025\/09\/Selection23-300x200.png 300w, https:\/\/wrc2027vancouver.com\/wp-content\/uploads\/2025\/09\/Selection23-768x512.png 768w\" sizes=\"(max-width: 800px) 100vw, 800px\" title=\"\">\t\t\t\t\t\t\t\t\t\t\t\t\t\t\t<\/div>\n\t\t\t\t<\/div>\n\t\t<div class=\"elementor-element elementor-element-2698ffc e-con-full e-flex e-con e-child\" data-id=\"2698ffc\" data-element_type=\"container\">\n\t\t\t\t<div class=\"elementor-element elementor-element-5b79637 elementor-widget elementor-widget-text-editor\" data-id=\"5b79637\" data-element_type=\"widget\" data-widget_type=\"text-editor.default\">\n\t\t\t\t\t\t\t\t\t<p><strong><em data-start=\"471\" data-end=\"481\">Cr\u00e9dit:<\/em><\/strong> Destination Vancouver\/Nelson Mouellic<br data-start=\"519\" data-end=\"522\" \/><strong><em data-start=\"522\" data-end=\"530\">Lieu:<\/em><\/strong> Vancouver<br data-start=\"540\" data-end=\"543\" \/><strong><em data-start=\"543\" data-end=\"558\">Description:<\/em><\/strong> Groupe de cyclistes traversant le viaduc Georgia (pont routier) depuis la zone du Rogers Arena et du BC Place Stadium jusqu\u2019\u00e0 Chinatown, Main Street et Strathcona.<\/p>\t\t\t\t\t\t\t\t<\/div>\n\t\t\t\t<\/div>\n\t\t\t\t\t<\/div>\n\t\t\t\t<\/div>\n\t\t<div class=\"elementor-element elementor-element-1ddd3a2 e-flex e-con-boxed e-con e-parent\" data-id=\"1ddd3a2\" data-element_type=\"container\">\n\t\t\t\t\t<div class=\"e-con-inner\">\n\t\t\t\t<div class=\"elementor-element elementor-element-6d3ee7a elementor-widget elementor-widget-heading\" data-id=\"6d3ee7a\" data-element_type=\"widget\" data-widget_type=\"heading.default\">\n\t\t\t\t\t<h2 class=\"elementor-heading-title elementor-size-default\">Photo des mitaines rouges<\/h2>\t\t\t\t<\/div>\n\t\t\t\t\t<\/div>\n\t\t\t\t<\/div>\n\t\t<div class=\"elementor-element elementor-element-9c01fc1 e-flex e-con-boxed e-con e-parent\" data-id=\"9c01fc1\" data-element_type=\"container\">\n\t\t\t\t\t<div class=\"e-con-inner\">\n\t\t<div class=\"elementor-element elementor-element-46b9bcf e-con-full e-flex e-con e-child\" data-id=\"46b9bcf\" data-element_type=\"container\">\n\t\t\t\t<div class=\"elementor-element elementor-element-8ec14aa elementor-widget elementor-widget-image\" data-id=\"8ec14aa\" data-element_type=\"widget\" data-widget_type=\"image.default\">\n\t\t\t\t\t\t\t\t\t\t\t\t\t\t\t<img loading=\"lazy\" decoding=\"async\" width=\"800\" height=\"533\" src=\"https:\/\/wrc2027vancouver.com\/wp-content\/uploads\/2025\/09\/Selection24.png\" class=\"attachment-large size-large wp-image-260\" alt=\"\" srcset=\"https:\/\/wrc2027vancouver.com\/wp-content\/uploads\/2025\/09\/Selection24.png 996w, https:\/\/wrc2027vancouver.com\/wp-content\/uploads\/2025\/09\/Selection24-300x200.png 300w, https:\/\/wrc2027vancouver.com\/wp-content\/uploads\/2025\/09\/Selection24-768x512.png 768w\" sizes=\"(max-width: 800px) 100vw, 800px\" title=\"\">\t\t\t\t\t\t\t\t\t\t\t\t\t\t\t<\/div>\n\t\t\t\t<\/div>\n\t\t<div class=\"elementor-element elementor-element-969d48b e-con-full e-flex e-con e-child\" data-id=\"969d48b\" data-element_type=\"container\">\n\t\t\t\t<div class=\"elementor-element elementor-element-b3785d5 elementor-widget elementor-widget-text-editor\" data-id=\"b3785d5\" data-element_type=\"widget\" data-widget_type=\"text-editor.default\">\n\t\t\t\t\t\t\t\t\t<p><strong><em data-start=\"763\" data-end=\"773\">Cr\u00e9dit:<\/em><\/strong> Destination BC\/Albert Normandin<br data-start=\"805\" data-end=\"808\" \/><strong><em data-start=\"808\" data-end=\"816\">Lieu:<\/em><\/strong> Vancouver<br data-start=\"826\" data-end=\"829\" \/><strong><em data-start=\"829\" data-end=\"844\">Description:<\/em><\/strong> Gros plan d\u2019un fan canadien portant des mitaines rouges au centre-ville pendant les Jeux olympiques d\u2019hiver de Vancouver 2010.<\/p>\t\t\t\t\t\t\t\t<\/div>\n\t\t\t\t<\/div>\n\t\t\t\t\t<\/div>\n\t\t\t\t<\/div>\n\t\t<div class=\"elementor-element elementor-element-2754b79 e-flex e-con-boxed e-con e-parent\" data-id=\"2754b79\" data-element_type=\"container\">\n\t\t\t\t\t<div class=\"e-con-inner\">\n\t\t\t\t<div class=\"elementor-element elementor-element-f6736f1 elementor-widget elementor-widget-heading\" data-id=\"f6736f1\" data-element_type=\"widget\" data-widget_type=\"heading.default\">\n\t\t\t\t\t<h2 class=\"elementor-heading-title elementor-size-default\">Photo d\u2019escalade<\/h2>\t\t\t\t<\/div>\n\t\t\t\t\t<\/div>\n\t\t\t\t<\/div>\n\t\t<div class=\"elementor-element elementor-element-7a0d969 e-flex e-con-boxed e-con e-parent\" data-id=\"7a0d969\" data-element_type=\"container\">\n\t\t\t\t\t<div class=\"e-con-inner\">\n\t\t<div class=\"elementor-element elementor-element-8fbf3e7 e-con-full e-flex e-con e-child\" data-id=\"8fbf3e7\" data-element_type=\"container\">\n\t\t\t\t<div class=\"elementor-element elementor-element-1e8075d elementor-widget elementor-widget-image\" data-id=\"1e8075d\" data-element_type=\"widget\" data-widget_type=\"image.default\">\n\t\t\t\t\t\t\t\t\t\t\t\t\t\t\t<img loading=\"lazy\" decoding=\"async\" width=\"800\" height=\"533\" src=\"https:\/\/wrc2027vancouver.com\/wp-content\/uploads\/2025\/09\/Selection25.png\" class=\"attachment-large size-large wp-image-261\" alt=\"\" srcset=\"https:\/\/wrc2027vancouver.com\/wp-content\/uploads\/2025\/09\/Selection25.png 996w, https:\/\/wrc2027vancouver.com\/wp-content\/uploads\/2025\/09\/Selection25-300x200.png 300w, https:\/\/wrc2027vancouver.com\/wp-content\/uploads\/2025\/09\/Selection25-768x512.png 768w\" sizes=\"(max-width: 800px) 100vw, 800px\" title=\"\">\t\t\t\t\t\t\t\t\t\t\t\t\t\t\t<\/div>\n\t\t\t\t<\/div>\n\t\t<div class=\"elementor-element elementor-element-036b6d2 e-con-full e-flex e-con e-child\" data-id=\"036b6d2\" data-element_type=\"container\">\n\t\t\t\t<div class=\"elementor-element elementor-element-d7edf39 elementor-widget elementor-widget-text-editor\" data-id=\"d7edf39\" data-element_type=\"widget\" data-widget_type=\"text-editor.default\">\n\t\t\t\t\t\t\t\t\t<p><strong><em data-start=\"1003\" data-end=\"1013\">Cr\u00e9dit:<\/em><\/strong> Destination BC\/Reuben Krabbe<br data-start=\"1042\" data-end=\"1045\" \/><strong><em data-start=\"1045\" data-end=\"1053\">Lieu:<\/em><\/strong> \u00cele Salt Spring<br data-start=\"1069\" data-end=\"1072\" \/><strong><em data-start=\"1072\" data-end=\"1087\">Description:<\/em> <\/strong>Une personne escaladant une falaise sur l\u2019\u00eele Salt Spring.<\/p>\t\t\t\t\t\t\t\t<\/div>\n\t\t\t\t<\/div>\n\t\t\t\t\t<\/div>\n\t\t\t\t<\/div>\n\t\t\t\t<\/div>\n\t\t","protected":false},"excerpt":{"rendered":"<p>Vid\u00e9o et Cr\u00e9dit Photo Vid\u00e9o de la page d\u2019accueil Cr\u00e9dit: Jon Ross FilmsLieu: VancouverDescription: Vid\u00e9o a\u00e9rienne du bateau Prince Of Whales Orca Tour. Il passe sous le pont Granville. Photo de la digue (Seawall) Cr\u00e9dit: Destination BC\/Kezia NatheLieu:\u00a0VancouverDescription: Cycliste sur la digue du parc Stanley. Photo du viaduc Georgia Cr\u00e9dit: Destination Vancouver\/Nelson MouellicLieu: VancouverDescription: Groupe [&hellip;]<\/p>\n","protected":false},"author":1,"featured_media":0,"parent":0,"menu_order":0,"comment_status":"closed","ping_status":"closed","template":"","meta":{"footnotes":""},"class_list":["post-516","page","type-page","status-publish","hentry"],"_links":{"self":[{"href":"https:\/\/wrc2027vancouver.com\/fr\/wp-json\/wp\/v2\/pages\/516","targetHints":{"allow":["GET"]}}],"collection":[{"href":"https:\/\/wrc2027vancouver.com\/fr\/wp-json\/wp\/v2\/pages"}],"about":[{"href":"https:\/\/wrc2027vancouver.com\/fr\/wp-json\/wp\/v2\/types\/page"}],"author":[{"embeddable":true,"href":"https:\/\/wrc2027vancouver.com\/fr\/wp-json\/wp\/v2\/users\/1"}],"replies":[{"embeddable":true,"href":"https:\/\/wrc2027vancouver.com\/fr\/wp-json\/wp\/v2\/comments?post=516"}],"version-history":[{"count":3,"href":"https:\/\/wrc2027vancouver.com\/fr\/wp-json\/wp\/v2\/pages\/516\/revisions"}],"predecessor-version":[{"id":522,"href":"https:\/\/wrc2027vancouver.com\/fr\/wp-json\/wp\/v2\/pages\/516\/revisions\/522"}],"wp:attachment":[{"href":"https:\/\/wrc2027vancouver.com\/fr\/wp-json\/wp\/v2\/media?parent=516"}],"curies":[{"name":"wp","href":"https:\/\/api.w.org\/{rel}","templated":true}]}}